{"id":7,"date":"2012-09-27T02:29:29","date_gmt":"2012-09-27T00:29:29","guid":{"rendered":"http:\/\/www.benjamin-preuss.de\/?page_id=7"},"modified":"2012-10-06T02:47:59","modified_gmt":"2012-10-06T00:47:59","slug":"travel","status":"publish","type":"page","link":"https:\/\/www.benjamin-preuss.de\/?page_id=7","title":{"rendered":"Australien"},"content":{"rendered":"<p>Australien ist gro\u00df! Nicht nur der Kontinent sondern auch die K\u00fcstenst\u00e4dte an der Ostk\u00fcste. Melbourne ist rie\u00dfig! Wir haben einen kleinen Stadtplan bekommen, auf dem sieht alles sehr nahe aus&#8230; ist es aber nicht!<\/p>\n<p><a href=\"http:\/\/www.benjamin-preuss.de\/wp-content\/uploads\/2012\/09\/map_of_melbourne.jpg\"><img loading=\"lazy\" decoding=\"async\" class=\"alignnone size-full wp-image-18\" title=\"map_of_melbourne\" src=\"http:\/\/www.benjamin-preuss.de\/wp-content\/uploads\/2012\/09\/map_of_melbourne.jpg\" alt=\"\" width=\"466\" height=\"350\" srcset=\"https:\/\/www.benjamin-preuss.de\/wp-content\/uploads\/2012\/09\/map_of_melbourne.jpg 466w, https:\/\/www.benjamin-preuss.de\/wp-content\/uploads\/2012\/09\/map_of_melbourne-300x225.jpg 300w\" sizes=\"auto, (max-width: 466px) 100vw, 466px\" \/><\/a><\/p>\n<p>Man l\u00e4uft ca 30 Minuten vom Hostel bis zum WorknTravel B\u00fcro. Dort hat man die Unterst\u00fctzung von zwei netten Damen die einem bei so ziemlich allem helfen k\u00f6nnen. Au\u00dferdem kann man dort PCs oder Free-Wifi benutzen.<\/p>\n<p>&nbsp;<\/p>\n<p>Australien hat eine sehr starke Wirtschaft, was nicht nur an den reichen Bodensch\u00e4tzen liegt sonder auch wie hier Geld verdient und ausgegeben wird. F\u00fcr Touristen ist ein Urlaub in Australien sehr teuer.\u00a0 1\u20ac sind zwar 1,26 AUD daf\u00fcr ist das Leben in Australien sehr teuer.<br \/>\nF\u00fcr 1,5l Wasser im Supermarkt zahlt man zwischen 1,20 AUD und 2,50AUD. Fleisch ist sehr teuer. Nudeln, Reis und Kartoffeln sind zwar teuere als in Deutschland aber noch bezahlbar.<br \/>\nEin Backpacker muss mit 300AUD fixkosten pro WOCHE rechnen. Miete, Verpflegung und Fortbewegung. Wie man sieht sind das ganz andere Preise als in Deutschland.<br \/>\nDer gro\u00dfe Schl\u00fcssel f\u00fcr diese Gleichung liegt an den Mindestl\u00f6hnen. Der Mindestlohn liegt bei ca. 15 AUD pro Stunde. Mit einem 40 Stunden Job kommt man also gut zurecht, man muss aber trotzdem sparsam leben.<\/p>\n<p>Fazit f\u00fcr mich ist zur Zeit also das ich so schnell wie m\u00f6glich einen Job finden muss!<\/p>\n","protected":false},"excerpt":{"rendered":"<p>Australien ist gro\u00df! Nicht nur der Kontinent sondern auch die K\u00fcstenst\u00e4dte an der Ostk\u00fcste. Melbourne ist rie\u00dfig! Wir haben einen kleinen Stadtplan bekommen, auf dem sieht alles sehr nahe aus&#8230; ist es aber nicht! Man l\u00e4uft ca 30 Minuten vom &hellip; <a href=\"https:\/\/www.benjamin-preuss.de\/?page_id=7\">Weiterlesen <span class=\"meta-nav\">&rarr;<\/span><\/a><\/p>\n","protected":false},"author":1,"featured_media":0,"parent":0,"menu_order":0,"comment_status":"open","ping_status":"open","template":"","meta":{"footnotes":""},"class_list":["post-7","page","type-page","status-publish","hentry"],"_links":{"self":[{"href":"https:\/\/www.benjamin-preuss.de\/index.php?rest_route=\/wp\/v2\/pages\/7","targetHints":{"allow":["GET"]}}],"collection":[{"href":"https:\/\/www.benjamin-preuss.de\/index.php?rest_route=\/wp\/v2\/pages"}],"about":[{"href":"https:\/\/www.benjamin-preuss.de\/index.php?rest_route=\/wp\/v2\/types\/page"}],"author":[{"embeddable":true,"href":"https:\/\/www.benjamin-preuss.de\/index.php?rest_route=\/wp\/v2\/users\/1"}],"replies":[{"embeddable":true,"href":"https:\/\/www.benjamin-preuss.de\/index.php?rest_route=%2Fwp%2Fv2%2Fcomments&post=7"}],"version-history":[{"count":4,"href":"https:\/\/www.benjamin-preuss.de\/index.php?rest_route=\/wp\/v2\/pages\/7\/revisions"}],"predecessor-version":[{"id":22,"href":"https:\/\/www.benjamin-preuss.de\/index.php?rest_route=\/wp\/v2\/pages\/7\/revisions\/22"}],"wp:attachment":[{"href":"https:\/\/www.benjamin-preuss.de\/index.php?rest_route=%2Fwp%2Fv2%2Fmedia&parent=7"}],"curies":[{"name":"wp","href":"https:\/\/api.w.org\/{rel}","templated":true}]}}