{"id":77,"date":"2012-12-19T08:07:11","date_gmt":"2012-12-19T06:07:11","guid":{"rendered":"http:\/\/www.benjamin-preuss.de\/?page_id=77"},"modified":"2012-12-24T01:23:05","modified_gmt":"2012-12-23T23:23:05","slug":"great-ocean-road","status":"publish","type":"page","link":"https:\/\/www.benjamin-preuss.de\/?page_id=77","title":{"rendered":"Great Ocean Road"},"content":{"rendered":"<p>Nach acht Wochen arbeiten in Rays PlumPudding Fabrik g\u00f6nne ich mir eine kleine Tour entlang der Great Ocean Road. Der Motorradverleih war schnell gefunden, bei den Motorr\u00e4dern gab es leider nicht so viel Auswahl, da man f\u00fcr die st\u00e4rkeren Maschinen mindestens 23 Jahre alt sein muss.<br \/>\nDas Motorrad: Honda CB 250<br \/>\n<a href=\"http:\/\/www.benjamin-preuss.de\/wp-content\/uploads\/2012\/12\/DSCN0038.jpg\"><img loading=\"lazy\" decoding=\"async\" class=\"aligncenter size-large wp-image-79\" title=\"DSCN0038\" src=\"http:\/\/www.benjamin-preuss.de\/wp-content\/uploads\/2012\/12\/DSCN0038-1024x768.jpg\" alt=\"\" width=\"640\" height=\"480\" srcset=\"https:\/\/www.benjamin-preuss.de\/wp-content\/uploads\/2012\/12\/DSCN0038-1024x768.jpg 1024w, https:\/\/www.benjamin-preuss.de\/wp-content\/uploads\/2012\/12\/DSCN0038-300x224.jpg 300w\" sizes=\"auto, (max-width: 640px) 100vw, 640px\" \/><\/a><br \/>\nHelm, Jacke, Stiefel und Handschuhe habe ich aus Deutschland mitgebracht und die kommen nach zwei Monaten endlich zum Einsatz.<\/p>\n<p>Gegen Mittag geht die Tour los. Erstmal muss ich von Melbourne \u00fcber den Freeway um nach Torquey zu kommen, wo die Great Ocean Road anf\u00e4ngt.<br \/>\nDer Freeway war super langweilig und man muss gut aufpassen, da hier LKWs 100km\/h fahren d\u00fcrfen.<br \/>\nEndlich auf der Great Ocean Road musste ich mich echt beherrschen die Augen auf der Stra\u00dfe zu halten, da der Anblick der K\u00fcste atemberaubend war! Auf halber Strecke habe ich bei einem Leuchtturm rast gemacht. Es gab ein leckeres Br\u00f6tchen mit Salat, Speck und Ei zum Mittag. Nach der Rast wurde die Great Ocean Road richtig sch\u00f6n kurvig und es war ein heiden Spa\u00df =)<br \/>\nGegen 16 Uhr bin ich in Apollo Bay, dem erstem Tagesziel, angekommen. Nach einem kurzem Abstecher zum Strand wird im Hostel eingecheckt und habe ich mich erstmal auf eine warme Dusche gefreut! Das Wetter war mit leichten Schauern durchzogen, also nicht so optimal zum fahren&#8230;<\/p>\n<p><a href=\"http:\/\/www.benjamin-preuss.de\/wp-content\/uploads\/2012\/12\/DSCN0040.jpg\"><img loading=\"lazy\" decoding=\"async\" class=\"aligncenter size-large wp-image-81\" title=\"DSCN0040\" src=\"http:\/\/www.benjamin-preuss.de\/wp-content\/uploads\/2012\/12\/DSCN0040-1024x768.jpg\" alt=\"\" width=\"640\" height=\"480\" srcset=\"https:\/\/www.benjamin-preuss.de\/wp-content\/uploads\/2012\/12\/DSCN0040-1024x768.jpg 1024w, https:\/\/www.benjamin-preuss.de\/wp-content\/uploads\/2012\/12\/DSCN0040-300x224.jpg 300w\" sizes=\"auto, (max-width: 640px) 100vw, 640px\" \/><\/a>Nach einer erholsamen Nacht ging es am n\u00e4chstem Morgen bei leichem Regen weiter auf der Great Ocean Road. Leider biegt die Stra\u00dfe nachdem ich Apollo Bay verlassen habe ins Inland ab um einenen Bogen um das Naturschutzgebiet Otway zu machen. Hier habe ich einen kleinen abstecher zum Leuchtturm gemacht und auf dem Weg meine ersten Koalab\u00e4ren in freier Wildbahn\u00a0 gesehen.<br \/>\n<a href=\"http:\/\/www.benjamin-preuss.de\/wp-content\/uploads\/2012\/12\/DSCN0051.jpg\"><img loading=\"lazy\" decoding=\"async\" class=\"aligncenter size-large wp-image-96\" title=\"DSCN0051\" src=\"http:\/\/www.benjamin-preuss.de\/wp-content\/uploads\/2012\/12\/DSCN0051-1024x768.jpg\" alt=\"\" width=\"640\" height=\"480\" srcset=\"https:\/\/www.benjamin-preuss.de\/wp-content\/uploads\/2012\/12\/DSCN0051-1024x768.jpg 1024w, https:\/\/www.benjamin-preuss.de\/wp-content\/uploads\/2012\/12\/DSCN0051-300x224.jpg 300w\" sizes=\"auto, (max-width: 640px) 100vw, 640px\" \/><\/a><br \/>\nDanach ging es weiter durchs Inland bis man schie\u00dflich auf die 12 Apostel trifft.<\/p>\n<p><a href=\"http:\/\/www.benjamin-preuss.de\/wp-content\/uploads\/2012\/12\/DSCN0061.jpg\"><img loading=\"lazy\" decoding=\"async\" class=\"aligncenter size-large wp-image-83\" title=\"DSCN0061\" src=\"http:\/\/www.benjamin-preuss.de\/wp-content\/uploads\/2012\/12\/DSCN0061-1024x768.jpg\" alt=\"\" width=\"640\" height=\"480\" srcset=\"https:\/\/www.benjamin-preuss.de\/wp-content\/uploads\/2012\/12\/DSCN0061-1024x768.jpg 1024w, https:\/\/www.benjamin-preuss.de\/wp-content\/uploads\/2012\/12\/DSCN0061-300x224.jpg 300w\" sizes=\"auto, (max-width: 640px) 100vw, 640px\" \/><\/a>Die Aussichtsplattform und der Parkplatz war richtig gro\u00df f\u00fcr Touristen ausgebaut, der Andrang war auch dementsprechend. Es wurden sogar Besichtigungsfl\u00fcge im Hubschrauber angeboten, doch daf\u00fcr hatte ich leider keine Zeit, ich musste zur\u00fcck auf die Stra\u00dfe brummbrumm!!<br \/>\nWenig sp\u00e4ter bin ich dann in Port Fairy angekommen. Da ich noch ein bisschen Zeit hatte habe ich einen Abstecher nach Portland gemacht und habe mir dort kurz den kleinen Hafen angeschaut. Danach ging es zur\u00fcck ins Hostle, wo ich mich dann auf den n\u00e4chsten Tag vorbereiten konnte.<br \/>\nHier hatte ich jetzt die Auswahl, \u00fcber die Great Ocean Road zur\u00fcck nach Melbourn oder \u00fcber einen Abstecher durch die Grampians zu fahren.<br \/>\nIch entschied mich f\u00fcr die Grampians, denn auf dem gleichem Weg zur\u00fcck kingt doch langweilig!<\/p>\n<p>Also ging es am n\u00e4chsten Morgen geradewegs nach Norden in den Outback. Sobald man sich von der K\u00fcste entfernt hat wird es gespenstig leer auf den Stra\u00dfen. Hier war nichts besonders zu sehen bis man in die Grampians kommt.<br \/>\n<a href=\"http:\/\/www.benjamin-preuss.de\/wp-content\/uploads\/2012\/12\/DSCN0102.jpg\"><img loading=\"lazy\" decoding=\"async\" class=\"aligncenter size-large wp-image-84\" title=\"DSCN0102\" src=\"http:\/\/www.benjamin-preuss.de\/wp-content\/uploads\/2012\/12\/DSCN0102-1024x768.jpg\" alt=\"\" width=\"640\" height=\"480\" srcset=\"https:\/\/www.benjamin-preuss.de\/wp-content\/uploads\/2012\/12\/DSCN0102-1024x768.jpg 1024w, https:\/\/www.benjamin-preuss.de\/wp-content\/uploads\/2012\/12\/DSCN0102-300x224.jpg 300w\" sizes=\"auto, (max-width: 640px) 100vw, 640px\" \/><\/a>Die Stra\u00dfen wurden hier wieder kurviger und das fahren wieder abwechslungsreich. Nach einer kurzen Lunchpause in einem kleinen Cafe ging es zur Unterkunft. Da der Tag lange noch nicht vorbei war entschied ich mich noch die erste Attraktion anzuschauen: Die McKenzie Falls.<br \/>\n<a href=\"http:\/\/www.benjamin-preuss.de\/wp-content\/uploads\/2012\/12\/DSCN0089.jpg\"><img loading=\"lazy\" decoding=\"async\" class=\"aligncenter size-large wp-image-85\" title=\"DSCN0089\" src=\"http:\/\/www.benjamin-preuss.de\/wp-content\/uploads\/2012\/12\/DSCN0089-1024x768.jpg\" alt=\"\" width=\"640\" height=\"480\" srcset=\"https:\/\/www.benjamin-preuss.de\/wp-content\/uploads\/2012\/12\/DSCN0089-1024x768.jpg 1024w, https:\/\/www.benjamin-preuss.de\/wp-content\/uploads\/2012\/12\/DSCN0089-300x224.jpg 300w\" sizes=\"auto, (max-width: 640px) 100vw, 640px\" \/><\/a>Da man ein paar Meter vom Parkplatz zum Wasserfall laufen muss und ich meine Motorradklamotten an hatte war die kleine &#8222;Wanderung&#8220; anstrengend, aber noch nichts im vergleich zum n\u00e4chsten Tag \ud83d\ude09<br \/>\nIm Nationalpark hatte ich zwei N\u00e4chte gebucht, damit ich einen vollen Tag habe um mir die sehenwerten Sachen anzuschauen.<br \/>\nAm n\u00e4chsten Morgen ging es zuerst auf den Mt William, leider nichts spannendes da die Stra\u00dfe hier bis zum Gipfel geteert ist. Aber immerhin habe ich meine ersten Kangaroos in freier Wildbahn gesehen. Die sa\u00dfen einfach so auf der Stra\u00dfe rum und sind im Wald verschwunden als ich vorbeigefahren bin. Trotz des langweiligem Aufstieg bin ich schnell mal die letzten zwei Kilometer vom Parkplatz zum Gipfel hochgelaufen, da dies der h\u00f6chste Punkt in den Grampians ist. Von hier hat man eine sehr gute Aussicht, aber leider zerst\u00f6ren gro\u00dfe Funkmasten die Idylle.<br \/>\n<a href=\"http:\/\/www.benjamin-preuss.de\/wp-content\/uploads\/2012\/12\/DSCN0097.jpg\"><img loading=\"lazy\" decoding=\"async\" class=\"aligncenter size-large wp-image-86\" title=\"DSCN0097\" src=\"http:\/\/www.benjamin-preuss.de\/wp-content\/uploads\/2012\/12\/DSCN0097-1024x768.jpg\" alt=\"\" width=\"640\" height=\"480\" srcset=\"https:\/\/www.benjamin-preuss.de\/wp-content\/uploads\/2012\/12\/DSCN0097-1024x768.jpg 1024w, https:\/\/www.benjamin-preuss.de\/wp-content\/uploads\/2012\/12\/DSCN0097-300x224.jpg 300w\" sizes=\"auto, (max-width: 640px) 100vw, 640px\" \/><\/a>Als n\u00e4chstes ging es zum Wonderland Carpark, von hieraus konnte man eine kleine Wanderung durch einen Canyon zu dem Pinnacle machen. Diese Wanderung habe ich total untersch\u00e4tzt, da es schon Mittags war und es 30\u00b0C hatte. Ich habe mir aber nichts dabei gedacht und bin in meinen Motorradklamotten erstmal losgestapft! Nicht gut, gaaaar nicht gut und das empfehle ich auch keinem weiter. Nach kurzer Zeit war ich sowas von am schwitzen, dass es wie in der Sauna gelaufen ist&#8230; Zum gl\u00fcck hatte ich im Ort noch zwei Flaschen Wasser gekauft, sonst h\u00e4tte ich die Wanderung abbrechen m\u00fcssen. Nach einem qualvollen Aufstieg durch den Canyon bin ich letztendlich am Ziel dem Pinnacle angekommen.<br \/>\n<a href=\"http:\/\/www.benjamin-preuss.de\/wp-content\/uploads\/2012\/12\/DSCN0123.jpg\"><img loading=\"lazy\" decoding=\"async\" class=\"aligncenter size-large wp-image-87\" title=\"DSCN0123\" src=\"http:\/\/www.benjamin-preuss.de\/wp-content\/uploads\/2012\/12\/DSCN0123-1024x768.jpg\" alt=\"\" width=\"640\" height=\"480\" srcset=\"https:\/\/www.benjamin-preuss.de\/wp-content\/uploads\/2012\/12\/DSCN0123-1024x768.jpg 1024w, https:\/\/www.benjamin-preuss.de\/wp-content\/uploads\/2012\/12\/DSCN0123-300x224.jpg 300w\" sizes=\"auto, (max-width: 640px) 100vw, 640px\" \/><\/a><a href=\"http:\/\/www.benjamin-preuss.de\/wp-content\/uploads\/2012\/12\/DSCN0130.jpg\"><img loading=\"lazy\" decoding=\"async\" class=\"aligncenter size-large wp-image-88\" title=\"DSCN0130\" src=\"http:\/\/www.benjamin-preuss.de\/wp-content\/uploads\/2012\/12\/DSCN0130-1024x768.jpg\" alt=\"\" width=\"640\" height=\"480\" srcset=\"https:\/\/www.benjamin-preuss.de\/wp-content\/uploads\/2012\/12\/DSCN0130-1024x768.jpg 1024w, https:\/\/www.benjamin-preuss.de\/wp-content\/uploads\/2012\/12\/DSCN0130-300x224.jpg 300w\" sizes=\"auto, (max-width: 640px) 100vw, 640px\" \/><\/a>Nach dem Abstieg und der kurzen fahrt zur\u00fcck ins Hostle war ich sowas von fertig das ich mich nach dem Duschem erstmal hinlegen musste \ud83d\ude00<br \/>\nDas hatte mir dann auch gereicht und ich habe die letzten Stunden meinem Buch gewidmet und den Tag ruhig ausklingen lassen.<\/p>\n<p>Frisch und voller Energie ging es am n\u00e4chsten Morgen wieder zur\u00fcck nach Melbourne. Hier habe ich den direkten Weg \u00fcber den Freeway gew\u00e4hlt und konnte zum ersten mal 110!!! km\/h fahren :D:D<br \/>\nDadurch war die R\u00fcckfahrt auch nach ein paar Stunden und einem schmerzendem Hintern vorbei und ich bin gesund und munter wieder in Melbourne angekommen.<\/p>\n<p>Insgesammt war die Tour sehr abwechslungsreich, da ich ohne einen gro\u00dfartigen Plan losgefahren bin und es so sehr aufregend war. Ich habe vier N\u00e4chte \u00fcbernachtet, jedes Mal in den YHA Hostles, welche ich weiterempfehlen kann. Sehr sauber, gut ausgestattet K\u00fcche, so dass man sich selber von einfachen Nudeln bis zum 5 G\u00e4nge Men\u00fc ansich alles kochen k\u00f6nnte und sehr freundliches Personal.<br \/>\nHier habe ich auch jede Menge andere Reisende getroffen, von denen gut die H\u00e4lfte aus Deutschland kamen.<\/p>\n<p>Das war meine Tour \u00fcber die Gread Ocean Road mit Zwischenstopps in Apollo Bay, Port Fairy und Halls Gap. Insgesammt bin ich ca 1100km gefahren und freue mich jetzt ein paar ruhige Tage \ud83d\ude09<\/p>\n","protected":false},"excerpt":{"rendered":"<p>Nach acht Wochen arbeiten in Rays PlumPudding Fabrik g\u00f6nne ich mir eine kleine Tour entlang der Great Ocean Road. Der Motorradverleih war schnell gefunden, bei den Motorr\u00e4dern gab es leider nicht so viel Auswahl, da man f\u00fcr die st\u00e4rkeren Maschinen &hellip; <a href=\"https:\/\/www.benjamin-preuss.de\/?page_id=77\">Weiterlesen <span class=\"meta-nav\">&rarr;<\/span><\/a><\/p>\n","protected":false},"author":1,"featured_media":0,"parent":0,"menu_order":0,"comment_status":"open","ping_status":"open","template":"","meta":{"footnotes":""},"class_list":["post-77","page","type-page","status-publish","hentry"],"_links":{"self":[{"href":"https:\/\/www.benjamin-preuss.de\/index.php?rest_route=\/wp\/v2\/pages\/77","targetHints":{"allow":["GET"]}}],"collection":[{"href":"https:\/\/www.benjamin-preuss.de\/index.php?rest_route=\/wp\/v2\/pages"}],"about":[{"href":"https:\/\/www.benjamin-preuss.de\/index.php?rest_route=\/wp\/v2\/types\/page"}],"author":[{"embeddable":true,"href":"https:\/\/www.benjamin-preuss.de\/index.php?rest_route=\/wp\/v2\/users\/1"}],"replies":[{"embeddable":true,"href":"https:\/\/www.benjamin-preuss.de\/index.php?rest_route=%2Fwp%2Fv2%2Fcomments&post=77"}],"version-history":[{"count":5,"href":"https:\/\/www.benjamin-preuss.de\/index.php?rest_route=\/wp\/v2\/pages\/77\/revisions"}],"predecessor-version":[{"id":80,"href":"https:\/\/www.benjamin-preuss.de\/index.php?rest_route=\/wp\/v2\/pages\/77\/revisions\/80"}],"wp:attachment":[{"href":"https:\/\/www.benjamin-preuss.de\/index.php?rest_route=%2Fwp%2Fv2%2Fmedia&parent=77"}],"curies":[{"name":"wp","href":"https:\/\/api.w.org\/{rel}","templated":true}]}}